{"id":733,"date":"2024-04-10T11:03:28","date_gmt":"2024-04-10T11:03:28","guid":{"rendered":"https:\/\/solifoc.tandem.ws\/?page_id=733"},"modified":"2024-06-04T11:14:24","modified_gmt":"2024-06-04T11:14:24","slug":"qui-som","status":"publish","type":"page","link":"https:\/\/solifoc.tandem.ws\/en\/qui-som\/","title":{"rendered":"qui som"},"content":{"rendered":"<div class=\"gb-container gb-container-9d0a01b9\">\n<div class=\"gb-container gb-container-3cc04e83\"><\/div>\n<\/div>\n\n<div class=\"gb-container gb-container-a4a86558\">\n<div class=\"gb-container gb-container-6615800b\">\n\n<h3 class=\"gb-headline gb-headline-4c5cc828 gb-headline-text\">We are Eduard, Martinet, Frank and Bernat, a great small team of energy enthusiasts. <br><br>We create <mark class=\"gb-highlight\">Solifoc<\/mark> with the objective of fighting for a <mark class=\"gb-highlight\">robust, renewable and sustainable energy model<\/mark> and we believe that the best way to do this is to increase the energy resilience of each home. <br><br>For that reason, apart of installing <mark class=\"gb-highlight\">photovoltaic energy<\/mark>, we make consumption flexible to adapt it to production and improve the<mark class=\"gb-highlight\">self-sufficiency<\/mark> of your system.<\/h3>\n\n<\/div>\n\n<div class=\"gb-container gb-container-f2687abe\">\n\n<h3 class=\"gb-headline gb-headline-f94070df gb-headline-text\">ABOUT US<\/h3>\n\n\n\n<h3 class=\"gb-headline gb-headline-ef7802b1 gb-headline-text\">A great small team of energy enthusiasts<\/h3>\n\n<\/div>\n<\/div>\n\n<div class=\"gb-container gb-container-0dd554f9\">\n<div class=\"gb-container gb-container-df82f6f1\">\n\n\n\n<h4 class=\"gb-headline gb-headline-2cbd5773 gb-headline-text\">Eduard de la Fuente<\/h4>\n\n\n\n<p class=\"gb-headline gb-headline-32f16eed gb-headline-text\">T\u00e8cnic Superior en Eficiencia Energ\u00e8tica i Energ\u00eda Solar&nbsp;T\u00e8rmica<\/p>\n\n<\/div>\n\n<div class=\"gb-container gb-container-bb1e9068\">\n\n\n\n<h4 class=\"gb-headline gb-headline-9a8d3c17 gb-headline-text\">Martinet Borruel<\/h4>\n\n\n\n<p class=\"gb-headline gb-headline-4f7a7bc0 gb-headline-text\">T\u00e8cnic Superior en Mecatr\u00f2nica<\/p>\n\n<\/div>\n\n<div class=\"gb-container gb-container-e4c35f22\">\n\n\n\n<h4 class=\"gb-headline gb-headline-4e6369ec gb-headline-text\">Bernat Navarro<\/h4>\n\n\n\n<p class=\"gb-headline gb-headline-0dc4b292 gb-headline-text\">T\u00e8cnic Superior en Energies Renovables<\/p>\n\n<\/div>\n\n<div class=\"gb-container gb-container-5b846c3f\">\n\n\n\n<h4 class=\"gb-headline gb-headline-9d382305 gb-headline-text\">Frank Jongejeugd<\/h4>\n\n\n\n<p class=\"gb-headline gb-headline-173e7c58 gb-headline-text\">Enginyer T\u00e8cnic en Electricitat<\/p>\n\n<\/div>\n<\/div>","protected":false},"excerpt":{"rendered":"<p>Som L\u2019Eduard, en Martinet, en Frank i en Bernat, un petit gran equip d\u2019apassionats per l\u2019energia. Hem creat Solifoc amb l\u2019objectiu de lluitar per un model energ\u00e8tic robust, renovable i sostenible i creiem que la millor manera de fer-ho \u00e9s augmentar la resili\u00e8ncia energ\u00e8tica de cada casa. Per aix\u00f2, a m\u00e9s d\u2019instal\u00b7lar energia fotovoltaica, fem &#8230; <a title=\"qui som\" class=\"read-more\" href=\"https:\/\/solifoc.tandem.ws\/en\/qui-som\/\" aria-label=\"Read more about qui som\">Read more<\/a><\/p>","protected":false},"author":1,"featured_media":0,"parent":0,"menu_order":0,"comment_status":"closed","ping_status":"closed","template":"","meta":{"_acf_changed":false,"footnotes":""},"class_list":["post-733","page","type-page","status-publish"],"acf":[],"_links":{"self":[{"href":"https:\/\/solifoc.tandem.ws\/en\/wp-json\/wp\/v2\/pages\/733","targetHints":{"allow":["GET"]}}],"collection":[{"href":"https:\/\/solifoc.tandem.ws\/en\/wp-json\/wp\/v2\/pages"}],"about":[{"href":"https:\/\/solifoc.tandem.ws\/en\/wp-json\/wp\/v2\/types\/page"}],"author":[{"embeddable":true,"href":"https:\/\/solifoc.tandem.ws\/en\/wp-json\/wp\/v2\/users\/1"}],"replies":[{"embeddable":true,"href":"https:\/\/solifoc.tandem.ws\/en\/wp-json\/wp\/v2\/comments?post=733"}],"version-history":[{"count":21,"href":"https:\/\/solifoc.tandem.ws\/en\/wp-json\/wp\/v2\/pages\/733\/revisions"}],"predecessor-version":[{"id":1848,"href":"https:\/\/solifoc.tandem.ws\/en\/wp-json\/wp\/v2\/pages\/733\/revisions\/1848"}],"wp:attachment":[{"href":"https:\/\/solifoc.tandem.ws\/en\/wp-json\/wp\/v2\/media?parent=733"}],"curies":[{"name":"wp","href":"https:\/\/api.w.org\/{rel}","templated":true}]}}