{"id":913,"date":"2024-04-16T17:14:33","date_gmt":"2024-04-16T17:14:33","guid":{"rendered":"https:\/\/solifoc.tandem.ws\/?page_id=913"},"modified":"2024-04-18T21:27:55","modified_gmt":"2024-04-18T21:27:55","slug":"motius","status":"publish","type":"page","link":"https:\/\/solifoc.tandem.ws\/es\/motius\/","title":{"rendered":"l&#8217;estat de l&#8217;energia"},"content":{"rendered":"<div class=\"gb-container gb-container-9d0a01b9\">\n<div class=\"gb-container gb-container-3cc04e83\"><\/div>\n<\/div>\n\n<div class=\"gb-container gb-container-a4a86558\">\n<div class=\"gb-container gb-container-6615800b\">\n\n<h3 class=\"gb-headline gb-headline-4c5cc828 gb-headline-text\">En Solifoc creemos imprescindible que la ciudadan\u00eda se empodere, por eso apostamos firmemente en la descentralizaci\u00f3n energ\u00e9tica y, como no puede ser de otra manera, por las energ\u00edas renovables y locales.<\/h3>\n\n<\/div>\n\n<div class=\"gb-container gb-container-f2687abe\">\n\n<h3 class=\"gb-headline gb-headline-f94070df gb-headline-text\">Motivos<\/h3>\n\n\n\n<h3 class=\"gb-headline gb-headline-ef7802b1 gb-headline-text\">Nuestra clave es la visi\u00f3n del hogar como un sistema.<\/h3>\n\n<\/div>\n<\/div>\n\n<div class=\"gb-container gb-container-f35f05c8\">\n\n<h3 class=\"gb-headline gb-headline-a3bbe627\"><span class=\"gb-icon\"><svg fill=\"currentColor\" viewbox=\"0 0 24 24\" xmlns=\"http:\/\/www.w3.org\/2000\/svg\"><path d=\"M6 5C5.44772 5 5 5.44772 5 6C5 6.55228 5.44772 7 6 7C6.55228 7 7 6.55228 7 6C7 5.44772 6.55228 5 6 5ZM3 6C3 4.34315 4.34315 3 6 3C7.65685 3 9 4.34315 9 6C9 7.30622 8.16519 8.41746 7 8.82929V15.1707C8.16519 15.5825 9 16.6938 9 18C9 19.6569 7.65685 21 6 21C4.34315 21 3 19.6569 3 18C3 16.6938 3.83481 15.5825 5 15.1707V8.82929C3.83481 8.41746 3 7.30622 3 6ZM15.2929 3.29289C15.6834 2.90237 16.3166 2.90237 16.7071 3.29289L18 4.58579L19.2929 3.29289C19.6834 2.90237 20.3166 2.90237 20.7071 3.29289C21.0976 3.68342 21.0976 4.31658 20.7071 4.70711L19.4142 6L20.7071 7.29289C21.0976 7.68342 21.0976 8.31658 20.7071 8.70711C20.3166 9.09763 19.6834 9.09763 19.2929 8.70711L18 7.41421L16.7071 8.70711C16.3166 9.09763 15.6834 9.09763 15.2929 8.70711C14.9024 8.31658 14.9024 7.68342 15.2929 7.29289L16.5858 6L15.2929 4.70711C14.9024 4.31658 14.9024 3.68342 15.2929 3.29289ZM18 10C18.5523 10 19 10.4477 19 11V15.1707C20.1652 15.5825 21 16.6938 21 18C21 19.6569 19.6569 21 18 21C16.3431 21 15 19.6569 15 18C15 16.6938 15.8348 15.5825 17 15.1707V11C17 10.4477 17.4477 10 18 10ZM6 17C5.44772 17 5 17.4477 5 18C5 18.5523 5.44772 19 6 19C6.55228 19 7 18.5523 7 18C7 17.4477 6.55228 17 6 17ZM18 17C17.4477 17 17 17.4477 17 18C17 18.5523 17.4477 19 18 19C18.5523 19 19 18.5523 19 18C19 17.4477 18.5523 17 18 17Z\"><\/path><\/svg><\/span><span class=\"gb-headline-text\">El problema<\/span><\/h3>\n\n\n\n<p>Hace 250 millones de a\u00f1os, la tierra era inhabitable a causa de los altos niveles de CO\u2082. La suerte, la f\u00edsica y cantidades absurdas de tiempo han capturado a todo este CO\u2082 bajo tierra en forma de \u201ccombustibles f\u00f3siles\u201d, haciendo de este planeta el para\u00edso que hemos conocido hasta ahora.<\/p>\n\n\n\n<p>\u00bfNo parece absurdo volver a liberar este CO\u2082?<\/p>\n\n\n\n<p>Pues s\u00ed, es elemental, pero est\u00e1 pasando. Ya hace algunos a\u00f1os que tanto t\u00fa como yo podemos decir que empezamos a palpar las consecuencias a nuestro alrededor y parece claro que esto es el principio del camino para volver a ese escenario.<\/p>\n\n\n\n<p>Pues aqu\u00ed comienza nuestra lucha por no liberar m\u00e1s CO\u2082 a la atm\u00f3sfera y poder mantener la vida de las personas, animales y plantas muchos a\u00f1os m\u00e1s o, dicho de otro modo, hacer sostenible la vida en la tierra.<\/p>\n\n<\/div>\n\n<div class=\"gb-container gb-container-a8fc9cc6\">\n\n<h3 class=\"gb-headline gb-headline-4ebf3038\"><span class=\"gb-icon\"><svg fill=\"currentColor\" viewbox=\"0 0 24 24\" xmlns=\"http:\/\/www.w3.org\/2000\/svg\"><path d=\"M7.10508 8.78991C7.45179 10.0635 8.61653 11 10 11H14C16.4703 11 18.5222 12.7915 18.9274 15.1461C20.1303 15.5367 21 16.6668 21 18C21 19.6569 19.6569 21 18 21C16.3431 21 15 19.6569 15 18C15 16.7334 15.7849 15.6501 16.8949 15.2101C16.5482 13.9365 15.3835 13 14 13H10C8.87439 13 7.83566 12.6281 7 12.0004V15.1707C8.16519 15.5825 9 16.6938 9 18C9 19.6569 7.65685 21 6 21C4.34315 21 3 19.6569 3 18C3 16.6938 3.83481 15.5825 5 15.1707V8.82929C3.83481 8.41746 3 7.30622 3 6C3 4.34315 4.34315 3 6 3C7.65685 3 9 4.34315 9 6C9 7.26661 8.21506 8.34988 7.10508 8.78991ZM6 7C6.55228 7 7 6.55228 7 6C7 5.44772 6.55228 5 6 5C5.44772 5 5 5.44772 5 6C5 6.55228 5.44772 7 6 7ZM6 19C6.55228 19 7 18.5523 7 18C7 17.4477 6.55228 17 6 17C5.44772 17 5 17.4477 5 18C5 18.5523 5.44772 19 6 19ZM18 19C18.5523 19 19 18.5523 19 18C19 17.4477 18.5523 17 18 17C17.4477 17 17 17.4477 17 18C17 18.5523 17.4477 19 18 19Z\"><\/path><\/svg><\/span><span class=\"gb-headline-text\">Nuestra propuesta<\/span><\/h3>\n\n\n\n<p>\u201cPor suerte\u201d, la mayor\u00eda de las causas de este problema provienen de la forma en que producimos y consumimos la energ\u00eda, por tanto, realizar cambios \u201cs\u00f3lo\u201d en este punto es gran parte de la soluci\u00f3n.<\/p>\n\n\n\n<p>Las viviendas y edificios consumen un 30% de la energ\u00eda global. Por eso Solifoc nos focalizamos en \u201ctransformar\u201d su situaci\u00f3n energ\u00e9tica, haci\u00e9ndolos m\u00e1s aut\u00f3nomos con energ\u00eda libre de emisiones.<\/p>\n\n\n\n<p>De esta forma reducimos la dependencia de fuentes externas y conseguimos que la energ\u00eda se produzca y se consuma en el mismo sitio, distribuyendo la producci\u00f3n y evitando las p\u00e9rdidas del transporte.<\/p>\n\n\n\n<p>Cuando entendemos que todos somos parte de la soluci\u00f3n es cuando tomamos valor a las personas y las relaciones, por este motivo perseguimos empoderar energ\u00e9ticamente a los ciudadanos y hacerlo con un trato personal, sustituyendo paulatinamente las \u201ctransacciones comerciales\u201d por \u201crelaciones humanas \u201d.<\/p>\n\n<\/div>\n\n<div class=\"gb-container gb-container-f964d81b\">\n\n<h3 class=\"gb-headline gb-headline-5c335dd2\"><span class=\"gb-icon\"><svg fill=\"currentColor\" viewbox=\"0 0 24 24\" xmlns=\"http:\/\/www.w3.org\/2000\/svg\"><path d=\"M15 5H17C18.1046 5 19 5.89543 19 7V15.1707C20.1652 15.5825 21 16.6938 21 18C21 19.6569 19.6569 21 18 21C16.3431 21 15 19.6569 15 18C15 16.6938 15.8348 15.5825 17 15.1707V7H15V10L10.5 6L15 2V5ZM5 8.82929C3.83481 8.41746 3 7.30622 3 6C3 4.34315 4.34315 3 6 3C7.65685 3 9 4.34315 9 6C9 7.30622 8.16519 8.41746 7 8.82929V15.1707C8.16519 15.5825 9 16.6938 9 18C9 19.6569 7.65685 21 6 21C4.34315 21 3 19.6569 3 18C3 16.6938 3.83481 15.5825 5 15.1707V8.82929ZM6 7C6.55228 7 7 6.55228 7 6C7 5.44772 6.55228 5 6 5C5.44772 5 5 5.44772 5 6C5 6.55228 5.44772 7 6 7ZM6 19C6.55228 19 7 18.5523 7 18C7 17.4477 6.55228 17 6 17C5.44772 17 5 17.4477 5 18C5 18.5523 5.44772 19 6 19ZM18 19C18.5523 19 19 18.5523 19 18C19 17.4477 18.5523 17 18 17C17.4477 17 17 17.4477 17 18C17 18.5523 17.4477 19 18 19Z\"><\/path><\/svg><\/span><span class=\"gb-headline-text\">Nuestra soluci\u00f3n<\/span><\/h3>\n\n\n\n<p>Para obtener esta autosuficiencia integramos los sistemas de energ\u00eda fotovoltaica con lo que ya existe en la instalaci\u00f3n, haciendo que todo el sistema trabaje arm\u00f3nicamente para poder sacarle el m\u00e1ximo partido.<\/p>\n\n\n\n<p>La clave es la visi\u00f3n del hogar como un solo sistema, el hogar en s\u00ed mismo. La uni\u00f3n de la energ\u00eda solar para abastecer los consumos, combinada con sistemas de climatizaci\u00f3n eficientes y una buena gesti\u00f3n de todo el sistema, nos permite satisfacer todas las necesidades energ\u00e9ticas de la forma m\u00e1s ecol\u00f3gica, econ\u00f3mica y eficiente posible.<\/p>\n\n\n\n<p>Para nosotros la sostenibilidad se produce cuando lo que hacemos tiene un impacto positivo no s\u00f3lo econ\u00f3micamente, sino tambi\u00e9n en el \u00e1mbito social y ambiental, por eso ponemos mucho esfuerzo en buscar soluciones que sean el punto de encuentro entre lo que t\u00fa quieres, el m\u00e1s eficiente y el que tiene mayor sentido econ\u00f3micamente.<\/p>\n\n<\/div>\n\n<div class=\"gb-container gb-container-04aeea8a\">\n\n<h3 class=\"gb-headline gb-headline-1ac0461e\"><span class=\"gb-icon\"><svg fill=\"currentColor\" viewbox=\"0 0 24 24\" xmlns=\"http:\/\/www.w3.org\/2000\/svg\"><path d=\"M6 5C5.44772 5 5 5.44772 5 6C5 6.55228 5.44772 7 6 7C6.55228 7 7 6.55228 7 6C7 5.44772 6.55228 5 6 5ZM3 6C3 4.34315 4.34315 3 6 3C7.65685 3 9 4.34315 9 6C9 7.30622 8.16519 8.41746 7 8.82929V9C7 10.1046 7.89543 11 9 11H15C16.1046 11 17 10.1046 17 9V8.82929C15.8348 8.41746 15 7.30622 15 6C15 4.34315 16.3431 3 18 3C19.6569 3 21 4.34315 21 6C21 7.30622 20.1652 8.41746 19 8.82929V9C19 11.2091 17.2091 13 15 13H13V15.1707C14.1652 15.5825 15 16.6938 15 18C15 19.6569 13.6569 21 12 21C10.3431 21 9 19.6569 9 18C9 16.6938 9.83481 15.5825 11 15.1707V13H9C6.79086 13 5 11.2091 5 9V8.82929C3.83481 8.41746 3 7.30622 3 6ZM18 5C17.4477 5 17 5.44772 17 6C17 6.55228 17.4477 7 18 7C18.5523 7 19 6.55228 19 6C19 5.44772 18.5523 5 18 5ZM12 17C11.4477 17 11 17.4477 11 18C11 18.5523 11.4477 19 12 19C12.5523 19 13 18.5523 13 18C13 17.4477 12.5523 17 12 17Z\"><\/path><\/svg><\/span><span class=\"gb-headline-text\">\u00bfHacia donde vamos?<\/span><\/h3>\n\n\n\n<p>Tenemos un futuro \u00e1spero por delante, vamos muy tarde y hay que hacer mucho trabajo. Por eso nosotros no creemos en la competencia, todos somos m\u00e1s que necesarios, tanto nosotros los instaladores, como t\u00fa, el particular, para dar la vuelta al sistema energ\u00e9tico que nos abastece.<\/p>\n\n\n\n<p>Eso s\u00ed, la mala noticia es que no es posible hacerlo con los niveles absurdos de consumo a los que estamos acostumbrados, la soluci\u00f3n pasa si o si por decrecer y calmar a nuestros \u201cest\u00e1ndar\u201d en un escenario m\u00e1s austero.<\/p>\n\n\n\n<p>Pero si todos hacemos el trabajo que nos toca, si hacemos lo que est\u00e9 en nuestras manos para cambiar el modelo, podemos crear un mundo nuevo en el que cada kWh consumido se haya producido muy cerca y con energ\u00edas renovables. Donde se d\u00e9 mucho m\u00e1s valor a la energ\u00eda y, por tanto, se gestione de manera eficiente, eficaz y se utilice para lo que realmente es importante.<\/p>\n\n<\/div>","protected":false},"excerpt":{"rendered":"<p>A Solifoc creiem imprescindible que la ciutadania s\u2019empoderi, per aix\u00f2 apostem fermament en la descentralitzaci\u00f3 energ\u00e8tica i, com no pot ser d\u2019altra manera, per les energies renovables i locals. Motius La nostra clau es la visi\u00f3 de la llar com un sol sistema. El problema Fa 250 milions d\u2019anys, la terra era inhabitable a causa &#8230; <a title=\"l&#8217;estat de l&#8217;energia\" class=\"read-more\" href=\"https:\/\/solifoc.tandem.ws\/es\/motius\/\" aria-label=\"Leer m\u00e1s sobre l&#8217;estat de l&#8217;energia\">Read more<\/a><\/p>","protected":false},"author":1,"featured_media":0,"parent":0,"menu_order":0,"comment_status":"closed","ping_status":"closed","template":"","meta":{"_acf_changed":false,"footnotes":""},"class_list":["post-913","page","type-page","status-publish"],"acf":[],"_links":{"self":[{"href":"https:\/\/solifoc.tandem.ws\/es\/wp-json\/wp\/v2\/pages\/913","targetHints":{"allow":["GET"]}}],"collection":[{"href":"https:\/\/solifoc.tandem.ws\/es\/wp-json\/wp\/v2\/pages"}],"about":[{"href":"https:\/\/solifoc.tandem.ws\/es\/wp-json\/wp\/v2\/types\/page"}],"author":[{"embeddable":true,"href":"https:\/\/solifoc.tandem.ws\/es\/wp-json\/wp\/v2\/users\/1"}],"replies":[{"embeddable":true,"href":"https:\/\/solifoc.tandem.ws\/es\/wp-json\/wp\/v2\/comments?post=913"}],"version-history":[{"count":12,"href":"https:\/\/solifoc.tandem.ws\/es\/wp-json\/wp\/v2\/pages\/913\/revisions"}],"predecessor-version":[{"id":1705,"href":"https:\/\/solifoc.tandem.ws\/es\/wp-json\/wp\/v2\/pages\/913\/revisions\/1705"}],"wp:attachment":[{"href":"https:\/\/solifoc.tandem.ws\/es\/wp-json\/wp\/v2\/media?parent=913"}],"curies":[{"name":"wp","href":"https:\/\/api.w.org\/{rel}","templated":true}]}}